{"id":7785,"date":"2024-05-09T09:56:31","date_gmt":"2024-05-09T07:56:31","guid":{"rendered":"https:\/\/clemenceaurealestate.com\/non%20class\u00e9\/la-boutique\/"},"modified":"2024-08-16T12:49:48","modified_gmt":"2024-08-16T10:49:48","slug":"la-boutique","status":"publish","type":"product","link":"https:\/\/clemenceaurealestate.com\/en\/off-plan-project\/la-boutique\/","title":{"rendered":"La Boutique"},"content":{"rendered":"<section class=\"wpb-content-wrapper\"><p>[vc_row row_height_percent=&#8221;0&#8243; override_padding=&#8221;yes&#8221; h_padding=&#8221;5&#8243; top_padding=&#8221;2&#8243; bottom_padding=&#8221;2&#8243; overlay_alpha=&#8221;50&#8243; gutter_size=&#8221;3&#8243; column_width_percent=&#8221;100&#8243; shift_y=&#8221;0&#8243; z_index=&#8221;0&#8243; uncode_shortcode_id=&#8221;530400&#8243;][vc_column column_width_percent=&#8221;100&#8243; gutter_size=&#8221;2&#8243; overlay_alpha=&#8221;50&#8243; shift_x=&#8221;0&#8243; shift_y=&#8221;0&#8243; shift_y_down=&#8221;0&#8243; z_index=&#8221;0&#8243; medium_width=&#8221;0&#8243; mobile_width=&#8221;0&#8243; width=&#8221;1\/1&#8243; uncode_shortcode_id=&#8221;167643&#8243;][vc_custom_heading auto_text=&#8221;yes&#8221; text_weight=&#8221;600&#8243; uncode_shortcode_id=&#8221;152729&#8243;][\/vc_custom_heading][vc_row_inner row_inner_height_percent=&#8221;0&#8243; overlay_alpha=&#8221;50&#8243; gutter_size=&#8221;1&#8243; shift_y=&#8221;0&#8243; z_index=&#8221;0&#8243; limit_content=&#8221;&#8221; uncode_shortcode_id=&#8221;209702&#8243;][vc_column_inner column_width_percent=&#8221;100&#8243; gutter_size=&#8221;3&#8243; overlay_alpha=&#8221;50&#8243; shift_x=&#8221;0&#8243; shift_y=&#8221;0&#8243; shift_y_down=&#8221;0&#8243; z_index=&#8221;0&#8243; medium_width=&#8221;5&#8243; mobile_width=&#8221;0&#8243; width=&#8221;5\/6&#8243; uncode_shortcode_id=&#8221;142082&#8243;][uncode_single_product_additional_info text_lead=&#8221;small&#8221; el_id=&#8221;information-produit&#8221; el_class=&#8221;information-produit&#8221;][\/vc_column_inner][vc_column_inner column_width_percent=&#8221;100&#8243; align_horizontal=&#8221;align_right&#8221; gutter_size=&#8221;3&#8243; overlay_alpha=&#8221;50&#8243; shift_x=&#8221;0&#8243; shift_y=&#8221;0&#8243; shift_y_down=&#8221;0&#8243; z_index=&#8221;0&#8243; medium_visibility=&#8221;yes&#8221; align_medium=&#8221;align_left_tablet&#8221; medium_width=&#8221;3&#8243; mobile_visibility=&#8221;yes&#8221; align_mobile=&#8221;align_left_mobile&#8221; mobile_width=&#8221;0&#8243; width=&#8221;1\/6&#8243; uncode_shortcode_id=&#8221;113781&#8243;][uncode_share layout=&#8221;multiple&#8221;][\/vc_column_inner][\/vc_row_inner][\/vc_column][\/vc_row][vc_row row_height_percent=&#8221;0&#8243; override_padding=&#8221;yes&#8221; h_padding=&#8221;5&#8243; top_padding=&#8221;0&#8243; bottom_padding=&#8221;2&#8243; overlay_alpha=&#8221;50&#8243; gutter_size=&#8221;4&#8243; column_width_percent=&#8221;100&#8243; shift_y=&#8221;0&#8243; z_index=&#8221;0&#8243; uncode_shortcode_id=&#8221;770257&#8243;][vc_column column_width_percent=&#8221;100&#8243; gutter_size=&#8221;3&#8243; overlay_alpha=&#8221;50&#8243; shift_x=&#8221;0&#8243; shift_y=&#8221;0&#8243; shift_y_down=&#8221;0&#8243; z_index=&#8221;0&#8243; medium_width=&#8221;0&#8243; mobile_width=&#8221;0&#8243; css_animation=&#8221;left-t-right&#8221; animation_speed=&#8221;1000&#8243; width=&#8221;1\/2&#8243; uncode_shortcode_id=&#8221;112938&#8243;][vc_custom_heading heading_semantic=&#8221;h3&#8243; text_size=&#8221;h4&#8243; text_weight=&#8221;600&#8243; text_transform=&#8221;lowercase&#8221; uncode_shortcode_id=&#8221;116896&#8243;]Description of: La boutique[\/vc_custom_heading][vc_column_text uncode_shortcode_id=&#8221;203709&#8243; el_id=&#8221;text-justify&#8221; el_class=&#8221;text-justify&#8221;]Introducing La Boutique, the latest addition to Boutique XII and Boutique 23. This is a series of projects offering similar unit types, designed to meet the needs of investors seeking optimal returns and residents seeking an efficient lifestyle. This collective series aims to create a cohesive community experience. With a shared commitment to quality and innovation, these projects serve as pillars of a thriving urban environment, catering to a diverse range of residents seeking a modern, interconnected living experience.<\/p>\n<p>La Boutique sans pareil seamlessly integrates residential comfort with exceptional amenities. On its premises, customers can enjoy a revitalizing swimming pool, a top-of-the-range gym and a four-level underground parking lot. This lifestyle exceeds conventional expectations, presenting a vibrant and comprehensive experience that sets new benchmarks.<\/p>\n<p>La Boutique not only reshapes contemporary living, it also places you at the epicenter of Dubai&#8217;s most exciting advances. The efficient design doesn&#8217;t just maximize space, it cultivates a sustainable lifestyle that perfectly meets the demands of today&#8217;s urban dwellers. Within this sleek design, you&#8217;ll discover. In this uncluttered design, you&#8217;ll discover a living environment that rises to the level of a haven of peace designed for the young and the lively. Elevate your living environment to a haven of peace designed for the young and the spirited.<\/p>\n<p>Discover a compelling investment opportunity at La Boutique, offering modern, efficient and affordable apartments designed for young professionals and couples. These stylish, functional apartments optimize space and offer exceptional value for your investment, in line with urban lifestyle trends influenced by the rising cost of living, single-person households and the appeal of minimalism.[\/vc_column_text][vc_button button_color=&#8221;color-210407&#8243; radius=&#8221;btn-square&#8221; border_animation=&#8221;btn-ripple-in&#8221; hover_fx=&#8221;outlined&#8221; text_skin=&#8221;yes&#8221; border_width=&#8221;0&#8243; scale_mobile=&#8221;no&#8221; button_color_type=&#8221;uncode-palette&#8221; uncode_shortcode_id=&#8221;183440&#8243; link=&#8221;url:%23product-contact|&#8221;]CONTACT US[\/vc_button][\/vc_column][vc_column column_width_percent=&#8221;100&#8243; gutter_size=&#8221;3&#8243; overlay_alpha=&#8221;50&#8243; shift_x=&#8221;0&#8243; shift_y=&#8221;0&#8243; shift_y_down=&#8221;0&#8243; z_index=&#8221;0&#8243; medium_width=&#8221;0&#8243; mobile_width=&#8221;0&#8243; css_animation=&#8221;zoom-in&#8221; animation_speed=&#8221;1000&#8243; animation_delay=&#8221;300&#8243; width=&#8221;1\/2&#8243; uncode_shortcode_id=&#8221;746136&#8243;][vc_single_image media=&#8221;7648&#8243; media_lightbox=&#8221;yes&#8221; media_width_percent=&#8221;100&#8243; media_ratio=&#8221;sixteen-nine&#8221; uncode_shortcode_id=&#8221;115194&#8243;][\/vc_column][\/vc_row][vc_row row_height_percent=&#8221;0&#8243; override_padding=&#8221;yes&#8221; h_padding=&#8221;5&#8243; top_padding=&#8221;2&#8243; bottom_padding=&#8221;2&#8243; overlay_alpha=&#8221;50&#8243; gutter_size=&#8221;3&#8243; column_width_percent=&#8221;100&#8243; shift_y=&#8221;0&#8243; z_index=&#8221;0&#8243; uncode_shortcode_id=&#8221;630652&#8243;][vc_column column_width_percent=&#8221;100&#8243; gutter_size=&#8221;3&#8243; back_color=&#8221;color-lxmt&#8221; overlay_alpha=&#8221;50&#8243; shift_x=&#8221;0&#8243; shift_y=&#8221;0&#8243; shift_y_down=&#8221;0&#8243; z_index=&#8221;0&#8243; medium_width=&#8221;0&#8243; mobile_width=&#8221;0&#8243; width=&#8221;1\/1&#8243; uncode_shortcode_id=&#8221;152941&#8243; back_color_type=&#8221;uncode-palette&#8221;][vc_row_inner limit_content=&#8221;&#8221;][vc_column_inner width=&#8221;1\/2&#8243;][vc_column_text uncode_shortcode_id=&#8221;140195&#8243;]<\/p>\n<h5>Finishing and materials<\/h5>\n<p>Modern finish with high-quality materials<\/p>\n<h5>Kitchen and appliances<\/h5>\n<p>Fully equipped kitchen<\/p>\n<h5>Furnishings<\/h5>\n<p>No.<\/p>\n<h5>Amenities<\/h5>\n<p>Swimming pool | Children&#8217;s playground | Fitness room<br \/>\n[\/vc_column_text][\/vc_column_inner][\/vc_row_inner][\/vc_column][\/vc_row][vc_row row_height_percent=&#8221;60&#8243; override_padding=&#8221;yes&#8221; h_padding=&#8221;5&#8243; top_padding=&#8221;2&#8243; bottom_padding=&#8221;2&#8243; overlay_alpha=&#8221;50&#8243; gutter_size=&#8221;3&#8243; column_width_percent=&#8221;100&#8243; shift_y=&#8221;0&#8243; z_index=&#8221;0&#8243; uncode_shortcode_id=&#8221;525418&#8243;][vc_column column_width_percent=&#8221;100&#8243; gutter_size=&#8221;3&#8243; overlay_alpha=&#8221;50&#8243; shift_x=&#8221;0&#8243; shift_y=&#8221;0&#8243; shift_y_down=&#8221;0&#8243; z_index=&#8221;0&#8243; medium_width=&#8221;0&#8243; mobile_width=&#8221;0&#8243; width=&#8221;1\/1&#8243; uncode_shortcode_id=&#8221;136621&#8243;][vc_custom_heading heading_semantic=&#8221;h3&#8243; text_size=&#8221;h4&#8243; text_weight=&#8221;600&#8243; text_transform=&#8221;lowercase&#8221; uncode_shortcode_id=&#8221;192880&#8243;]The project in pictures[\/vc_custom_heading][vc_gallery el_id=&#8221;gallery-857561&#8243; type=&#8221;carousel&#8221; medias=&#8221;7650,7660,7654,7656,7652,7658,7662&#8243; carousel_lg=&#8221;3&#8243; carousel_md=&#8221;3&#8243; carousel_sm=&#8221;1&#8243; thumb_size=&#8221;five-four&#8221; gutter_size=&#8221;1&#8243; carousel_interval=&#8221;0&#8243; carousel_navspeed=&#8221;1000&#8243; carousel_overflow=&#8221;yes&#8221; stage_padding=&#8221;0&#8243; single_overlay_opacity=&#8221;50&#8243; single_overlay_anim=&#8221;no&#8221; single_text_visible=&#8221;yes&#8221; single_text_anim=&#8221;no&#8221; single_h_align=&#8221;right&#8221; single_v_position=&#8221;top&#8221; single_padding=&#8221;2&#8243; single_icon=&#8221;fa fa-frame-expand&#8221; single_border=&#8221;yes&#8221; single_css_animation=&#8221;zoom-in&#8221; single_animation_speed=&#8221;1000&#8243; single_animation_first=&#8221;yes&#8221; lbox_skin=&#8221;white&#8221; lbox_transparency=&#8221;opaque&#8221; lbox_gallery_arrows_bg=&#8221;semi-transparent&#8221; lbox_counter=&#8221;yes&#8221; lbox_transition=&#8221;lg-slide-vertical&#8221; lb_video_advanced=&#8221;yes&#8221; lb_autoplay=&#8221;yes&#8221; lb_muted=&#8221;no&#8221; uncode_shortcode_id=&#8221;994963&#8243;][\/vc_column][\/vc_row][vc_row row_height_percent=&#8221;0&#8243; override_padding=&#8221;yes&#8221; h_padding=&#8221;5&#8243; top_padding=&#8221;2&#8243; bottom_padding=&#8221;2&#8243; overlay_alpha=&#8221;50&#8243; equal_height=&#8221;yes&#8221; gutter_size=&#8221;4&#8243; column_width_percent=&#8221;100&#8243; shift_y=&#8221;0&#8243; z_index=&#8221;0&#8243; uncode_shortcode_id=&#8221;144357&#8243;][vc_column column_width_percent=&#8221;100&#8243; gutter_size=&#8221;3&#8243; back_color=&#8221;color-lxmt&#8221; overlay_alpha=&#8221;50&#8243; shift_x=&#8221;0&#8243; shift_y=&#8221;0&#8243; shift_y_down=&#8221;0&#8243; z_index=&#8221;0&#8243; medium_width=&#8221;0&#8243; mobile_width=&#8221;0&#8243; css_animation=&#8221;zoom-in&#8221; animation_speed=&#8221;1000&#8243; width=&#8221;1\/2&#8243; uncode_shortcode_id=&#8221;332150&#8243; back_color_type=&#8221;uncode-palette&#8221;][vc_custom_heading heading_semantic=&#8221;h3&#8243; text_size=&#8221;h4&#8243; text_weight=&#8221;600&#8243; text_transform=&#8221;lowercase&#8221; uncode_shortcode_id=&#8221;115986&#8243;]Location:[\/vc_custom_heading][vc_column_text uncode_shortcode_id=&#8221;168064&#8243; el_id=&#8221;text-justify&#8221; el_class=&#8221;text-justify&#8221;]<br \/>\nAl Jaddaf, situ\u00e9 \u00e0 Duba\u00ef, aux \u00c9mirats arabes unis, est un quartier dynamique et culturellement riche qui int\u00e8gre harmonieusement des \u00e9l\u00e9ments de culture, de commerce et de loisirs.<\/p>\n<p>Le quartier rev\u00eat une grande importance culturelle, avec une pl\u00e9thore de mus\u00e9es, de galeries d&#8217;art et de centres culturels qui rendent hommage au patrimoine local et international. Parmi ceux-ci, le Dubai Culture Village se distingue comme un centre dynamique d&#8217;expression artistique et d&#8217;exploration cr\u00e9ative.<\/p>\n<p>Gr\u00e2ce \u00e0 sa situation pittoresque le long de la crique de Duba\u00ef, Al Jaddaf offre une vue imprenable sur le front de mer. Il a fait l&#8217;objet d&#8217;un d\u00e9veloppement important, accueillant des h\u00f4tels de luxe et des complexes r\u00e9sidentiels contemporains qui offrent des vues captivantes sur la crique de Duba\u00ef.<br \/>\n[\/vc_column_text][\/vc_column][vc_column column_width_use_pixel=&#8221;yes&#8221; position_vertical=&#8221;middle&#8221; align_horizontal=&#8221;align_center&#8221; gutter_size=&#8221;3&#8243; back_color=&#8221;color-xsdn&#8221; overlay_alpha=&#8221;50&#8243; preserve_border=&#8221;yes&#8221; preserve_border_tablet=&#8221;yes&#8221; preserve_border_mobile=&#8221;yes&#8221; border_color=&#8221;accent&#8221; border_style=&#8221;solid&#8221; shift_x=&#8221;0&#8243; shift_y=&#8221;0&#8243; shift_y_down=&#8221;0&#8243; z_index=&#8221;0&#8243; medium_width=&#8221;0&#8243; mobile_width=&#8221;0&#8243; css_animation=&#8221;zoom-in&#8221; animation_speed=&#8221;1000&#8243; animation_delay=&#8221;500&#8243; width=&#8221;1\/2&#8243; uncode_shortcode_id=&#8221;691231&#8243; back_color_type=&#8221;uncode-palette&#8221; css=&#8221;.vc_custom_1695418550464{border-top-width: 2px !important;border-right-width: 2px !important;border-bottom-width: 2px !important;border-left-width: 2px !important;}&#8221; border_color_type=&#8221;uncode-palette&#8221; column_width_pixel=&#8221;550&#8243;][vc_custom_heading heading_semantic=&#8221;p&#8221; text_font=&#8221;font-209388&#8243; text_size=&#8221;h4&#8243; text_weight=&#8221;600&#8243; text_transform=&#8221;lowercase&#8221; uncode_shortcode_id=&#8221;129255&#8243;]For more information, please contact us[\/vc_custom_heading][vc_column_text uncode_shortcode_id=&#8221;198418&#8243;]A Clemenceau Real Estate agent will answer all your questions about your real estate investment in Dubai.[\/vc_column_text][vc_button button_color=&#8221;color-210407&#8243; radius=&#8221;btn-square&#8221; border_animation=&#8221;btn-ripple-in&#8221; hover_fx=&#8221;outlined&#8221; text_skin=&#8221;yes&#8221; border_width=&#8221;0&#8243; scale_mobile=&#8221;no&#8221; button_color_type=&#8221;uncode-palette&#8221; uncode_shortcode_id=&#8221;183440&#8243; link=&#8221;url:%23product-contact|&#8221;]CONTACT US[\/vc_button][\/vc_column][\/vc_row][vc_row unlock_row_content=&#8221;yes&#8221; row_height_percent=&#8221;0&#8243; override_padding=&#8221;yes&#8221; h_padding=&#8221;5&#8243; top_padding=&#8221;2&#8243; bottom_padding=&#8221;4&#8243; overlay_alpha=&#8221;100&#8243; equal_height=&#8221;yes&#8221; gutter_size=&#8221;4&#8243; column_width_percent=&#8221;100&#8243; shift_y=&#8221;0&#8243; z_index=&#8221;0&#8243; uncode_shortcode_id=&#8221;320952&#8243;][vc_column column_width_percent=&#8221;100&#8243; position_horizontal=&#8221;left&#8221; position_vertical=&#8221;middle&#8221; align_horizontal=&#8221;align_center&#8221; gutter_size=&#8221;3&#8243; back_color=&#8221;color-xsdn&#8221; overlay_alpha=&#8221;100&#8243; preserve_border=&#8221;yes&#8221; preserve_border_tablet=&#8221;yes&#8221; preserve_border_mobile=&#8221;yes&#8221; border_color=&#8221;accent&#8221; border_style=&#8221;solid&#8221; shift_x=&#8221;0&#8243; shift_y=&#8221;0&#8243; shift_y_down=&#8221;0&#8243; z_index=&#8221;0&#8243; medium_width=&#8221;0&#8243; mobile_width=&#8221;0&#8243; css_animation=&#8221;zoom-in&#8221; animation_speed=&#8221;1000&#8243; animation_delay=&#8221;200&#8243; zoom_width=&#8221;0&#8243; zoom_height=&#8221;0&#8243; width=&#8221;1\/3&#8243; uncode_shortcode_id=&#8221;288194&#8243; back_color_type=&#8221;uncode-palette&#8221; border_color_type=&#8221;uncode-palette&#8221; css=&#8221;.vc_custom_1695931741480{border-top-width: 2px !important;border-right-width: 2px !important;border-bottom-width: 2px !important;border-left-width: 2px !important;}&#8221; el_id=&#8221;price-project&#8221; el_class=&#8221;price-project&#8221;][vc_custom_heading text_color=&#8221;color-168873&#8243; heading_semantic=&#8221;h3&#8243; text_size=&#8221;h4&#8243; text_weight=&#8221;600&#8243; text_transform=&#8221;lowercase&#8221; uncode_shortcode_id=&#8221;161257&#8243; text_color_type=&#8221;uncode-palette&#8221;]Prix de La boutique:[\/vc_custom_heading][vc_button dynamic=&#8221;add-to-cart&#8221; quantity=&#8221;variation&#8221; border_width=&#8221;0&#8243; uncode_shortcode_id=&#8221;214224&#8243;]Text on the button[\/vc_button][vc_raw_html]W2N1cnJlbmN5X3N3aXRjaGVyIGZvcm1hdD0iJWNvZGUlIl0=[\/vc_raw_html][\/vc_column][vc_column column_width_percent=&#8221;100&#8243; gutter_size=&#8221;3&#8243; override_padding=&#8221;yes&#8221; column_padding=&#8221;5&#8243; style=&#8221;dark&#8221; back_color=&#8221;color-168873&#8243; overlay_alpha=&#8221;50&#8243; shift_x=&#8221;0&#8243; shift_y=&#8221;0&#8243; shift_y_down=&#8221;0&#8243; z_index=&#8221;0&#8243; medium_width=&#8221;0&#8243; mobile_width=&#8221;0&#8243; css_animation=&#8221;zoom-in&#8221; animation_speed=&#8221;1000&#8243; animation_delay=&#8221;500&#8243; zoom_width=&#8221;0&#8243; zoom_height=&#8221;0&#8243; width=&#8221;2\/3&#8243; uncode_shortcode_id=&#8221;211907&#8243; back_color_type=&#8221;uncode-palette&#8221;][vc_custom_heading text_color=&#8221;accent&#8221; heading_semantic=&#8221;h3&#8243; text_size=&#8221;h4&#8243; text_weight=&#8221;600&#8243; text_transform=&#8221;lowercase&#8221; uncode_shortcode_id=&#8221;108993&#8243; text_color_type=&#8221;uncode-palette&#8221;]Payment plan :[\/vc_custom_heading][vc_progress_bar values=&#8221;%5B%7B%22label%22%3A%22Booking%22%2C%22value%22%3A%2220%22%2C%22bar_color_type%22%3A%22uncode-palette%22%2C%22bar_color_solid%22%3A%22%23ff0000%22%2C%22back_color_type%22%3A%22uncode-palette%22%2C%22back_color_solid%22%3A%22%23ff0000%22%7D%2C%7B%22label%22%3A%22%20Construction%22%2C%22value%22%3A%2240%22%2C%22bar_color_type%22%3A%22uncode-palette%22%2C%22bar_color_solid%22%3A%22%23ff0000%22%2C%22back_color_type%22%3A%22uncode-palette%22%2C%22back_color_solid%22%3A%22%23ff0000%22%7D%2C%7B%22label%22%3A%22Remise%20des%20cl%C3%A9s%22%2C%22value%22%3A%2240%22%2C%22bar_color_type%22%3A%22uncode-palette%22%2C%22bar_color_solid%22%3A%22%23ff0000%22%2C%22back_color_type%22%3A%22uncode-palette%22%2C%22back_color_solid%22%3A%22%23ff0000%22%7D%5D&#8221; empty_space=&#8221;yes&#8221; bar_color=&#8221;accent&#8221; units=&#8221;%&#8221;][\/vc_column][\/vc_row][vc_row row_height_percent=&#8221;0&#8243; override_padding=&#8221;yes&#8221; h_padding=&#8221;6&#8243; top_padding=&#8221;4&#8243; bottom_padding=&#8221;4&#8243; overlay_alpha=&#8221;50&#8243; gutter_size=&#8221;3&#8243; column_width_percent=&#8221;100&#8243; shift_y=&#8221;0&#8243; z_index=&#8221;0&#8243; desktop_visibility=&#8221;yes&#8221; row_custom_slug_check=&#8221;yes&#8221; uncode_shortcode_id=&#8221;150438&#8243; row_name=&#8221;product-contact2&#8243; el_id=&#8221;product-contact2&#8243; el_class=&#8221;product-contact2&#8243; row_custom_slug=&#8221;product-contact2&#8243;][vc_column column_width_percent=&#8221;100&#8243; gutter_size=&#8221;3&#8243; overlay_alpha=&#8221;50&#8243; shift_x=&#8221;0&#8243; shift_y=&#8221;0&#8243; shift_y_down=&#8221;0&#8243; z_index=&#8221;10&#8243; medium_width=&#8221;0&#8243; mobile_width=&#8221;0&#8243; width=&#8221;1\/1&#8243; uncode_shortcode_id=&#8221;737833&#8243; el_id=&#8221;header-forms&#8221; el_class=&#8221;header-forms&#8221;][vc_custom_heading text_color=&#8221;color-168873&#8243; heading_semantic=&#8221;h3&#8243; text_size=&#8221;h4&#8243; text_weight=&#8221;600&#8243; text_transform=&#8221;lowercase&#8221; uncode_shortcode_id=&#8221;100268&#8243; text_color_type=&#8221;uncode-palette&#8221;]Contact us :[\/vc_custom_heading][vc_raw_html]W2dyYXZpdHlmb3JtIGlkPSI2IiB0aXRsZT0idHJ1ZSJd[\/vc_raw_html][\/vc_column][\/vc_row]<\/p>\n<\/section>","protected":false},"excerpt":{"rendered":"<p>[vc_row row_height_percent=&#8221;0&#8243; override_padding=&#8221;yes&#8221; h_padding=&#8221;5&#8243; top_padding=&#8221;2&#8243; bottom_padding=&#8221;2&#8243; overlay_alpha=&#8221;50&#8243; gutter_size=&#8221;3&#8243; column_width_percent=&#8221;100&#8243; shift_y=&#8221;0&#8243; z_index=&#8221;0&#8243; uncode_shortcode_id=&#8221;530400&#8243;][vc_column column_width_percent=&#8221;100&#8243; gutter_size=&#8221;2&#8243; overlay_alpha=&#8221;50&#8243; shift_x=&#8221;0&#8243; shift_y=&#8221;0&#8243; shift_y_down=&#8221;0&#8243; z_index=&#8221;0&#8243; medium_width=&#8221;0&#8243; [&hellip;]<\/p>\n","protected":false},"featured_media":8023,"comment_status":"open","ping_status":"closed","template":"","meta":{"content-type":""},"product_brand":[],"product_cat":[88],"product_tag":[],"class_list":{"0":"post-7785","1":"product","2":"type-product","3":"status-publish","4":"has-post-thumbnail","6":"product_cat-off-plan-project","8":"first","9":"instock","10":"shipping-taxable","11":"purchasable","12":"product-type-variable"},"_links":{"self":[{"href":"https:\/\/clemenceaurealestate.com\/en\/wp-json\/wp\/v2\/product\/7785","targetHints":{"allow":["GET"]}}],"collection":[{"href":"https:\/\/clemenceaurealestate.com\/en\/wp-json\/wp\/v2\/product"}],"about":[{"href":"https:\/\/clemenceaurealestate.com\/en\/wp-json\/wp\/v2\/types\/product"}],"replies":[{"embeddable":true,"href":"https:\/\/clemenceaurealestate.com\/en\/wp-json\/wp\/v2\/comments?post=7785"}],"wp:featuredmedia":[{"embeddable":true,"href":"https:\/\/clemenceaurealestate.com\/en\/wp-json\/wp\/v2\/media\/8023"}],"wp:attachment":[{"href":"https:\/\/clemenceaurealestate.com\/en\/wp-json\/wp\/v2\/media?parent=7785"}],"wp:term":[{"taxonomy":"product_brand","embeddable":true,"href":"https:\/\/clemenceaurealestate.com\/en\/wp-json\/wp\/v2\/product_brand?post=7785"},{"taxonomy":"product_cat","embeddable":true,"href":"https:\/\/clemenceaurealestate.com\/en\/wp-json\/wp\/v2\/product_cat?post=7785"},{"taxonomy":"product_tag","embeddable":true,"href":"https:\/\/clemenceaurealestate.com\/en\/wp-json\/wp\/v2\/product_tag?post=7785"}],"curies":[{"name":"wp","href":"https:\/\/api.w.org\/{rel}","templated":true}]}}