{"id":2108,"date":"2023-10-05T15:49:25","date_gmt":"2023-10-05T13:49:25","guid":{"rendered":"https:\/\/clemenceaurealestate.com\/uncategorized\/equiti-gate-par-refine-development\/"},"modified":"2023-10-25T21:40:56","modified_gmt":"2023-10-25T19:40:56","slug":"equiti-gate-par-refine-development","status":"publish","type":"product","link":"https:\/\/clemenceaurealestate.com\/en\/off-plan-project\/equiti-gate-par-refine-development\/","title":{"rendered":"Equiti Gate by Refine Development"},"content":{"rendered":"<section class=\"wpb-content-wrapper\"><p>[vc_row row_height_percent=&#8221;0&#8243; override_padding=&#8221;yes&#8221; h_padding=&#8221;5&#8243; top_padding=&#8221;2&#8243; bottom_padding=&#8221;2&#8243; overlay_alpha=&#8221;50&#8243; gutter_size=&#8221;3&#8243; column_width_percent=&#8221;100&#8243; shift_y=&#8221;0&#8243; z_index=&#8221;0&#8243; uncode_shortcode_id=&#8221;530400&#8243;][vc_column column_width_percent=&#8221;100&#8243; gutter_size=&#8221;2&#8243; overlay_alpha=&#8221;50&#8243; shift_x=&#8221;0&#8243; shift_y=&#8221;0&#8243; shift_y_down=&#8221;0&#8243; z_index=&#8221;0&#8243; medium_width=&#8221;0&#8243; mobile_width=&#8221;0&#8243; width=&#8221;1\/1&#8243; uncode_shortcode_id=&#8221;167643&#8243;][vc_custom_heading auto_text=&#8221;yes&#8221; text_weight=&#8221;600&#8243; uncode_shortcode_id=&#8221;152729&#8243;][\/vc_custom_heading][vc_row_inner row_inner_height_percent=&#8221;0&#8243; overlay_alpha=&#8221;50&#8243; gutter_size=&#8221;1&#8243; shift_y=&#8221;0&#8243; z_index=&#8221;0&#8243; limit_content=&#8221;&#8221; uncode_shortcode_id=&#8221;209702&#8243;][vc_column_inner column_width_percent=&#8221;100&#8243; gutter_size=&#8221;3&#8243; overlay_alpha=&#8221;50&#8243; shift_x=&#8221;0&#8243; shift_y=&#8221;0&#8243; shift_y_down=&#8221;0&#8243; z_index=&#8221;0&#8243; medium_width=&#8221;5&#8243; mobile_width=&#8221;0&#8243; width=&#8221;2\/3&#8243; uncode_shortcode_id=&#8221;142082&#8243;][uncode_single_product_additional_info text_lead=&#8221;small&#8221; el_id=&#8221;information-produit&#8221; el_class=&#8221;information-produit&#8221;][\/vc_column_inner][vc_column_inner column_width_percent=&#8221;100&#8243; align_horizontal=&#8221;align_right&#8221; gutter_size=&#8221;3&#8243; overlay_alpha=&#8221;50&#8243; shift_x=&#8221;0&#8243; shift_y=&#8221;0&#8243; shift_y_down=&#8221;0&#8243; z_index=&#8221;0&#8243; medium_visibility=&#8221;yes&#8221; align_medium=&#8221;align_left_tablet&#8221; medium_width=&#8221;3&#8243; mobile_visibility=&#8221;yes&#8221; align_mobile=&#8221;align_left_mobile&#8221; mobile_width=&#8221;0&#8243; width=&#8221;1\/3&#8243; uncode_shortcode_id=&#8221;113781&#8243;][uncode_share layout=&#8221;multiple&#8221;][\/vc_column_inner][\/vc_row_inner][\/vc_column][\/vc_row][vc_row row_height_percent=&#8221;0&#8243; override_padding=&#8221;yes&#8221; h_padding=&#8221;5&#8243; top_padding=&#8221;0&#8243; bottom_padding=&#8221;2&#8243; overlay_alpha=&#8221;50&#8243; gutter_size=&#8221;4&#8243; column_width_percent=&#8221;100&#8243; shift_y=&#8221;0&#8243; z_index=&#8221;0&#8243; uncode_shortcode_id=&#8221;770257&#8243;][vc_column column_width_percent=&#8221;100&#8243; gutter_size=&#8221;3&#8243; overlay_alpha=&#8221;50&#8243; shift_x=&#8221;0&#8243; shift_y=&#8221;0&#8243; shift_y_down=&#8221;0&#8243; z_index=&#8221;0&#8243; medium_width=&#8221;0&#8243; mobile_width=&#8221;0&#8243; css_animation=&#8221;left-t-right&#8221; animation_speed=&#8221;1000&#8243; width=&#8221;1\/2&#8243; uncode_shortcode_id=&#8221;112938&#8243;][vc_custom_heading heading_semantic=&#8221;h3&#8243; text_size=&#8221;h4&#8243; text_weight=&#8221;600&#8243; text_transform=&#8221;lowercase&#8221; uncode_shortcode_id=&#8221;960212&#8243;]Description of : Equiti Gate[\/vc_custom_heading][vc_column_text uncode_shortcode_id=&#8221;920532&#8243; el_id=&#8221;text-justify&#8221; el_class=&#8221;text-justify&#8221;]Equiti Gate Downtown Jebel Ali est le dernier chef-d&#8217;\u0153uvre r\u00e9sidentiel sign\u00e9 Refine Development Management. Nich\u00e9 le long de Sheikh Zayed Road, ce nouveau d\u00e9veloppement promet un style de vie alliant luxe et commodit\u00e9, et offre une connectivit\u00e9 optimale.<\/p>\n<p>Avec une vari\u00e9t\u00e9 d&#8217;unit\u00e9s enti\u00e8rement meubl\u00e9es, dont des studios, des appartements d&#8217;une, deux et trois chambres, Equiti Gate r\u00e9pond \u00e0 diff\u00e9rents modes de vie. Ses 277 unit\u00e9s, pens\u00e9es avec soin, offrent la combinaison parfaite entre confort et \u00e9l\u00e9gance.<\/p>\n<p>Cependant, Equiti Gate ne se limite pas \u00e0 des logements, il s&#8217;agit d&#8217;enrichir votre vie. Les commodit\u00e9s ont \u00e9t\u00e9 con\u00e7ues pour am\u00e9liorer votre exp\u00e9rience de vie, avec notamment une piscine, une salle de sport, une piste de course, une aire de jeux pour enfants, un terrain de basket, une salle de ping-pong, un espace de travail collaboratif, des boutiques de d\u00e9tail pour les r\u00e9sidents et un salon. Restez \u00e0 l&#8217;\u00e9coute pour plus de d\u00e9tails sur ce d\u00e9veloppement passionnant, o\u00f9 le luxe s&#8217;associe \u00e0 la commodit\u00e9, et l&#8217;excellence devient un mode de vie.[\/vc_column_text][vc_button button_color=&#8221;color-210407&#8243; radius=&#8221;btn-square&#8221; border_animation=&#8221;btn-ripple-in&#8221; hover_fx=&#8221;outlined&#8221; text_skin=&#8221;yes&#8221; border_width=&#8221;0&#8243; scale_mobile=&#8221;no&#8221; button_color_type=&#8221;uncode-palette&#8221; uncode_shortcode_id=&#8221;183440&#8243; link=&#8221;url:%23product-contact|&#8221;]CONTACT US[\/vc_button][\/vc_column][vc_column column_width_percent=&#8221;100&#8243; gutter_size=&#8221;3&#8243; overlay_alpha=&#8221;50&#8243; shift_x=&#8221;0&#8243; shift_y=&#8221;0&#8243; shift_y_down=&#8221;0&#8243; z_index=&#8221;0&#8243; medium_width=&#8221;0&#8243; mobile_width=&#8221;0&#8243; css_animation=&#8221;zoom-in&#8221; animation_speed=&#8221;1000&#8243; animation_delay=&#8221;300&#8243; width=&#8221;1\/2&#8243; uncode_shortcode_id=&#8221;746136&#8243;][vc_single_image media=&#8221;1207&#8243; media_lightbox=&#8221;yes&#8221; media_width_percent=&#8221;100&#8243; media_ratio=&#8221;sixteen-nine&#8221; advanced_videos=&#8221;yes&#8221; uncode_shortcode_id=&#8221;518023&#8243;][\/vc_column][\/vc_row][vc_row row_height_percent=&#8221;0&#8243; override_padding=&#8221;yes&#8221; h_padding=&#8221;5&#8243; top_padding=&#8221;2&#8243; bottom_padding=&#8221;2&#8243; overlay_alpha=&#8221;50&#8243; gutter_size=&#8221;3&#8243; column_width_percent=&#8221;100&#8243; shift_y=&#8221;0&#8243; z_index=&#8221;0&#8243; desktop_visibility=&#8221;yes&#8221; medium_visibility=&#8221;yes&#8221; mobile_visibility=&#8221;yes&#8221; uncode_shortcode_id=&#8221;127283&#8243;][vc_column column_width_percent=&#8221;100&#8243; gutter_size=&#8221;3&#8243; back_color=&#8221;color-lxmt&#8221; overlay_alpha=&#8221;50&#8243; shift_x=&#8221;0&#8243; shift_y=&#8221;0&#8243; shift_y_down=&#8221;0&#8243; z_index=&#8221;0&#8243; medium_width=&#8221;0&#8243; mobile_width=&#8221;0&#8243; width=&#8221;1\/1&#8243; uncode_shortcode_id=&#8221;152941&#8243; back_color_type=&#8221;uncode-palette&#8221;][\/vc_column][\/vc_row][vc_row row_height_percent=&#8221;60&#8243; override_padding=&#8221;yes&#8221; h_padding=&#8221;5&#8243; top_padding=&#8221;2&#8243; bottom_padding=&#8221;2&#8243; overlay_alpha=&#8221;50&#8243; gutter_size=&#8221;3&#8243; column_width_percent=&#8221;100&#8243; shift_y=&#8221;0&#8243; z_index=&#8221;0&#8243; uncode_shortcode_id=&#8221;163610&#8243;][vc_column column_width_percent=&#8221;100&#8243; gutter_size=&#8221;3&#8243; overlay_alpha=&#8221;50&#8243; shift_x=&#8221;0&#8243; shift_y=&#8221;0&#8243; shift_y_down=&#8221;0&#8243; z_index=&#8221;0&#8243; medium_width=&#8221;0&#8243; mobile_width=&#8221;0&#8243; width=&#8221;1\/1&#8243; uncode_shortcode_id=&#8221;136621&#8243;][vc_custom_heading heading_semantic=&#8221;h3&#8243; text_size=&#8221;h4&#8243; text_weight=&#8221;600&#8243; text_transform=&#8221;lowercase&#8221; uncode_shortcode_id=&#8221;192880&#8243;]The project in pictures[\/vc_custom_heading][vc_tabs tabs_event=&#8221;box-resized&#8221; tab_switch=&#8221;yes&#8221; typography=&#8221;advanced&#8221; align=&#8221;left&#8221; tab_no_border=&#8221;yes&#8221; titles_font=&#8221;font-209388&#8243; titles_size=&#8221;h6&#8243; titles_weight=&#8221;600&#8243; product_from_builder=&#8221;yes&#8221; uncode_shortcode_id=&#8221;391947&#8243;][vc_tab gutter_size=&#8221;2&#8243; column_padding=&#8221;2&#8243; title=&#8221;exterior&#8221; tab_id=&#8221;1695408642-1-111696443597433&#8243; product_from_builder=&#8221;yes&#8221;][vc_row_inner limit_content=&#8221;&#8221;][vc_column_inner column_width_percent=&#8221;100&#8243; gutter_size=&#8221;3&#8243; override_padding=&#8221;yes&#8221; column_padding=&#8221;0&#8243; overlay_alpha=&#8221;50&#8243; shift_x=&#8221;0&#8243; shift_y=&#8221;0&#8243; shift_y_down=&#8221;0&#8243; z_index=&#8221;0&#8243; medium_width=&#8221;0&#8243; mobile_width=&#8221;0&#8243; css_animation=&#8221;alpha-anim&#8221; animation_speed=&#8221;600&#8243; animation_delay=&#8221;300&#8243; width=&#8221;1\/1&#8243; uncode_shortcode_id=&#8221;202146&#8243;][vc_gallery el_id=&#8221;gallery-857561&#8243; type=&#8221;carousel&#8221; medias=&#8221;1273,1275,1279,1280&#8243; carousel_lg=&#8221;3&#8243; carousel_md=&#8221;3&#8243; carousel_sm=&#8221;1&#8243; thumb_size=&#8221;five-four&#8221; gutter_size=&#8221;1&#8243; carousel_interval=&#8221;0&#8243; carousel_navspeed=&#8221;1000&#8243; carousel_overflow=&#8221;yes&#8221; stage_padding=&#8221;0&#8243; single_overlay_opacity=&#8221;50&#8243; single_overlay_anim=&#8221;no&#8221; single_text_visible=&#8221;yes&#8221; single_text_anim=&#8221;no&#8221; single_h_align=&#8221;right&#8221; single_v_position=&#8221;top&#8221; single_padding=&#8221;2&#8243; single_icon=&#8221;fa fa-frame-expand&#8221; single_border=&#8221;yes&#8221; single_css_animation=&#8221;zoom-in&#8221; single_animation_speed=&#8221;1000&#8243; single_animation_first=&#8221;yes&#8221; lbox_skin=&#8221;white&#8221; lbox_transparency=&#8221;opaque&#8221; lbox_gallery_arrows_bg=&#8221;semi-transparent&#8221; lbox_counter=&#8221;yes&#8221; lbox_transition=&#8221;lg-slide-vertical&#8221; lb_video_advanced=&#8221;yes&#8221; lb_autoplay=&#8221;yes&#8221; lb_muted=&#8221;no&#8221; uncode_shortcode_id=&#8221;743264&#8243;][\/vc_column_inner][\/vc_row_inner][\/vc_tab][vc_tab gutter_size=&#8221;2&#8243; column_padding=&#8221;2&#8243; title=&#8221;Interior&#8221; tab_id=&#8221;1695408642-2-791696443597433&#8243; product_from_builder=&#8221;yes&#8221;][vc_row_inner limit_content=&#8221;&#8221;][vc_column_inner column_width_percent=&#8221;100&#8243; gutter_size=&#8221;3&#8243; override_padding=&#8221;yes&#8221; column_padding=&#8221;0&#8243; overlay_alpha=&#8221;50&#8243; shift_x=&#8221;0&#8243; shift_y=&#8221;0&#8243; shift_y_down=&#8221;0&#8243; z_index=&#8221;0&#8243; medium_width=&#8221;0&#8243; mobile_width=&#8221;0&#8243; css_animation=&#8221;alpha-anim&#8221; animation_speed=&#8221;600&#8243; animation_delay=&#8221;300&#8243; width=&#8221;1\/1&#8243; uncode_shortcode_id=&#8221;198811&#8243;][vc_gallery el_id=&#8221;gallery-8575613&#8243; type=&#8221;carousel&#8221; medias=&#8221;1276,1277,1278,1281,1282,1283,1274&#8243; carousel_lg=&#8221;3&#8243; carousel_md=&#8221;3&#8243; carousel_sm=&#8221;1&#8243; thumb_size=&#8221;five-four&#8221; gutter_size=&#8221;1&#8243; carousel_interval=&#8221;0&#8243; carousel_navspeed=&#8221;1000&#8243; carousel_overflow=&#8221;yes&#8221; stage_padding=&#8221;0&#8243; single_overlay_opacity=&#8221;50&#8243; single_overlay_anim=&#8221;no&#8221; single_text_visible=&#8221;yes&#8221; single_text_anim=&#8221;no&#8221; single_h_align=&#8221;right&#8221; single_v_position=&#8221;top&#8221; single_padding=&#8221;2&#8243; single_icon=&#8221;fa fa-frame-expand&#8221; single_border=&#8221;yes&#8221; single_css_animation=&#8221;zoom-in&#8221; single_animation_speed=&#8221;1000&#8243; single_animation_first=&#8221;yes&#8221; lbox_skin=&#8221;white&#8221; lbox_transparency=&#8221;opaque&#8221; lbox_gallery_arrows_bg=&#8221;semi-transparent&#8221; lbox_counter=&#8221;yes&#8221; lbox_transition=&#8221;lg-slide-vertical&#8221; no_double_tap=&#8221;yes&#8221; lb_video_advanced=&#8221;yes&#8221; lb_autoplay=&#8221;yes&#8221; lb_muted=&#8221;no&#8221; uncode_shortcode_id=&#8221;209307&#8243;][\/vc_column_inner][\/vc_row_inner][\/vc_tab][\/vc_tabs][\/vc_column][\/vc_row][vc_row row_height_percent=&#8221;0&#8243; override_padding=&#8221;yes&#8221; h_padding=&#8221;5&#8243; top_padding=&#8221;2&#8243; bottom_padding=&#8221;2&#8243; overlay_alpha=&#8221;50&#8243; equal_height=&#8221;yes&#8221; gutter_size=&#8221;4&#8243; column_width_percent=&#8221;100&#8243; shift_y=&#8221;0&#8243; z_index=&#8221;0&#8243; uncode_shortcode_id=&#8221;144357&#8243;][vc_column column_width_percent=&#8221;100&#8243; gutter_size=&#8221;3&#8243; back_color=&#8221;color-lxmt&#8221; overlay_alpha=&#8221;50&#8243; shift_x=&#8221;0&#8243; shift_y=&#8221;0&#8243; shift_y_down=&#8221;0&#8243; z_index=&#8221;0&#8243; medium_width=&#8221;0&#8243; mobile_width=&#8221;0&#8243; css_animation=&#8221;zoom-in&#8221; animation_speed=&#8221;1000&#8243; width=&#8221;1\/2&#8243; uncode_shortcode_id=&#8221;332150&#8243; back_color_type=&#8221;uncode-palette&#8221;][vc_custom_heading heading_semantic=&#8221;h3&#8243; text_size=&#8221;h4&#8243; text_weight=&#8221;600&#8243; text_transform=&#8221;lowercase&#8221; uncode_shortcode_id=&#8221;653750&#8243;]Location: Equiti Gate[\/vc_custom_heading][vc_column_text uncode_shortcode_id=&#8221;860453&#8243; el_id=&#8221;text-justify&#8221; el_class=&#8221;text-justify&#8221;]Ideally situated along Sheikh Zayed Road, Equiti Gate Downtown Jebel Ali occupies a prime location offering seamless connectivity to key destinations. This lively community guarantees easy access to major highways, shopping centers and entertainment hubs. Whether you&#8217;re looking for the tranquility of nearby parks or the hustle and bustle of city life, Equiti Gate has what you&#8217;re looking for.[\/vc_column_text][\/vc_column][vc_column column_width_use_pixel=&#8221;yes&#8221; position_vertical=&#8221;middle&#8221; align_horizontal=&#8221;align_center&#8221; gutter_size=&#8221;3&#8243; back_color=&#8221;color-xsdn&#8221; overlay_alpha=&#8221;50&#8243; preserve_border=&#8221;yes&#8221; preserve_border_tablet=&#8221;yes&#8221; preserve_border_mobile=&#8221;yes&#8221; border_color=&#8221;accent&#8221; border_style=&#8221;solid&#8221; shift_x=&#8221;0&#8243; shift_y=&#8221;0&#8243; shift_y_down=&#8221;0&#8243; z_index=&#8221;0&#8243; medium_width=&#8221;0&#8243; mobile_width=&#8221;0&#8243; css_animation=&#8221;zoom-in&#8221; animation_speed=&#8221;1000&#8243; animation_delay=&#8221;500&#8243; width=&#8221;1\/2&#8243; uncode_shortcode_id=&#8221;691231&#8243; back_color_type=&#8221;uncode-palette&#8221; css=&#8221;.vc_custom_1695418550464{border-top-width: 2px !important;border-right-width: 2px !important;border-bottom-width: 2px !important;border-left-width: 2px !important;}&#8221; border_color_type=&#8221;uncode-palette&#8221; column_width_pixel=&#8221;550&#8243;][vc_custom_heading heading_semantic=&#8221;p&#8221; text_font=&#8221;font-209388&#8243; text_size=&#8221;h4&#8243; text_weight=&#8221;600&#8243; text_transform=&#8221;lowercase&#8221; uncode_shortcode_id=&#8221;129255&#8243;]For more information, please contact us[\/vc_custom_heading][vc_column_text uncode_shortcode_id=&#8221;198418&#8243;]A Clemenceau Real Estate agent will answer all your questions about your real estate investment in Dubai.[\/vc_column_text][vc_button button_color=&#8221;color-210407&#8243; radius=&#8221;btn-square&#8221; border_animation=&#8221;btn-ripple-in&#8221; hover_fx=&#8221;outlined&#8221; text_skin=&#8221;yes&#8221; border_width=&#8221;0&#8243; scale_mobile=&#8221;no&#8221; button_color_type=&#8221;uncode-palette&#8221; uncode_shortcode_id=&#8221;183440&#8243; link=&#8221;url:%23product-contact|&#8221;]CONTACT US[\/vc_button][\/vc_column][\/vc_row][vc_row unlock_row_content=&#8221;yes&#8221; row_height_percent=&#8221;0&#8243; override_padding=&#8221;yes&#8221; h_padding=&#8221;5&#8243; top_padding=&#8221;2&#8243; bottom_padding=&#8221;4&#8243; overlay_alpha=&#8221;100&#8243; equal_height=&#8221;yes&#8221; gutter_size=&#8221;4&#8243; column_width_percent=&#8221;100&#8243; shift_y=&#8221;0&#8243; z_index=&#8221;0&#8243; uncode_shortcode_id=&#8221;320952&#8243;][vc_column column_width_percent=&#8221;100&#8243; position_horizontal=&#8221;left&#8221; position_vertical=&#8221;middle&#8221; align_horizontal=&#8221;align_center&#8221; gutter_size=&#8221;3&#8243; back_color=&#8221;color-xsdn&#8221; overlay_alpha=&#8221;100&#8243; preserve_border=&#8221;yes&#8221; preserve_border_tablet=&#8221;yes&#8221; preserve_border_mobile=&#8221;yes&#8221; border_color=&#8221;accent&#8221; border_style=&#8221;solid&#8221; shift_x=&#8221;0&#8243; shift_y=&#8221;0&#8243; shift_y_down=&#8221;0&#8243; z_index=&#8221;0&#8243; medium_width=&#8221;0&#8243; mobile_width=&#8221;0&#8243; css_animation=&#8221;zoom-in&#8221; animation_speed=&#8221;1000&#8243; animation_delay=&#8221;200&#8243; zoom_width=&#8221;0&#8243; zoom_height=&#8221;0&#8243; width=&#8221;1\/3&#8243; uncode_shortcode_id=&#8221;288194&#8243; back_color_type=&#8221;uncode-palette&#8221; border_color_type=&#8221;uncode-palette&#8221; css=&#8221;.vc_custom_1695931741480{border-top-width: 2px !important;border-right-width: 2px !important;border-bottom-width: 2px !important;border-left-width: 2px !important;}&#8221; el_id=&#8221;price-project&#8221; el_class=&#8221;price-project&#8221;][vc_custom_heading text_color=&#8221;color-168873&#8243; heading_semantic=&#8221;h3&#8243; text_size=&#8221;h4&#8243; text_weight=&#8221;600&#8243; text_transform=&#8221;lowercase&#8221; uncode_shortcode_id=&#8221;326672&#8243; text_color_type=&#8221;uncode-palette&#8221;]Equiti Gate apartment prices :[\/vc_custom_heading][vc_button dynamic=&#8221;add-to-cart&#8221; quantity=&#8221;variation&#8221; border_width=&#8221;0&#8243; uncode_shortcode_id=&#8221;214224&#8243;]Text on the button[\/vc_button][vc_raw_html]W2N1cnJlbmN5X3N3aXRjaGVyIGZvcm1hdD0iJWNvZGUlIl0=[\/vc_raw_html][\/vc_column][vc_column column_width_percent=&#8221;100&#8243; gutter_size=&#8221;3&#8243; override_padding=&#8221;yes&#8221; column_padding=&#8221;5&#8243; style=&#8221;dark&#8221; back_color=&#8221;color-168873&#8243; overlay_alpha=&#8221;50&#8243; shift_x=&#8221;0&#8243; shift_y=&#8221;0&#8243; shift_y_down=&#8221;0&#8243; z_index=&#8221;0&#8243; medium_width=&#8221;0&#8243; mobile_width=&#8221;0&#8243; css_animation=&#8221;zoom-in&#8221; animation_speed=&#8221;1000&#8243; animation_delay=&#8221;500&#8243; zoom_width=&#8221;0&#8243; zoom_height=&#8221;0&#8243; width=&#8221;2\/3&#8243; uncode_shortcode_id=&#8221;211907&#8243; back_color_type=&#8221;uncode-palette&#8221;][vc_custom_heading text_color=&#8221;accent&#8221; heading_semantic=&#8221;h3&#8243; text_size=&#8221;h4&#8243; text_weight=&#8221;600&#8243; text_transform=&#8221;lowercase&#8221; uncode_shortcode_id=&#8221;866029&#8243; text_color_type=&#8221;uncode-palette&#8221;]Delivery Q4 2023, Payment plan :[\/vc_custom_heading][vc_progress_bar values=&#8221;%5B%7B%22label%22%3A%22R%C3%A9servation%22%2C%22value%22%3A%2230%22%2C%22bar_color_type%22%3A%22uncode-palette%22%2C%22bar_color_solid%22%3A%22%23ff0000%22%2C%22back_color_type%22%3A%22uncode-palette%22%2C%22back_color_solid%22%3A%22%23ff0000%22%7D%2C%7B%22label%22%3A%22Construction%22%2C%22value%22%3A%2220%22%2C%22bar_color_type%22%3A%22uncode-palette%22%2C%22bar_color_solid%22%3A%22%23ff0000%22%2C%22back_color_type%22%3A%22uncode-palette%22%2C%22back_color_solid%22%3A%22%23ff0000%22%7D%2C%7B%22label%22%3A%22Remise%20des%20cl%C3%A9s%22%2C%22value%22%3A%2250%22%2C%22bar_color_type%22%3A%22uncode-palette%22%2C%22bar_color_solid%22%3A%22%23ff0000%22%2C%22back_color_type%22%3A%22uncode-palette%22%2C%22back_color_solid%22%3A%22%23ff0000%22%7D%5D&#8221; empty_space=&#8221;yes&#8221; bar_color=&#8221;accent&#8221; units=&#8221;%&#8221;][\/vc_column][\/vc_row][vc_row row_height_percent=&#8221;0&#8243; override_padding=&#8221;yes&#8221; h_padding=&#8221;6&#8243; top_padding=&#8221;4&#8243; bottom_padding=&#8221;4&#8243; overlay_alpha=&#8221;50&#8243; gutter_size=&#8221;3&#8243; column_width_percent=&#8221;100&#8243; shift_y=&#8221;0&#8243; z_index=&#8221;0&#8243; desktop_visibility=&#8221;yes&#8221; row_custom_slug_check=&#8221;yes&#8221; uncode_shortcode_id=&#8221;150438&#8243; row_name=&#8221;product-contact2&#8243; el_id=&#8221;product-contact2&#8243; el_class=&#8221;product-contact2&#8243; row_custom_slug=&#8221;product-contact2&#8243;][vc_column column_width_percent=&#8221;100&#8243; gutter_size=&#8221;3&#8243; overlay_alpha=&#8221;50&#8243; shift_x=&#8221;0&#8243; shift_y=&#8221;0&#8243; shift_y_down=&#8221;0&#8243; z_index=&#8221;10&#8243; medium_width=&#8221;0&#8243; mobile_width=&#8221;0&#8243; width=&#8221;1\/1&#8243; uncode_shortcode_id=&#8221;737833&#8243; el_id=&#8221;header-forms&#8221; el_class=&#8221;header-forms&#8221;][vc_custom_heading text_color=&#8221;color-168873&#8243; heading_semantic=&#8221;h3&#8243; text_size=&#8221;h4&#8243; text_weight=&#8221;600&#8243; text_transform=&#8221;lowercase&#8221; uncode_shortcode_id=&#8221;100268&#8243; text_color_type=&#8221;uncode-palette&#8221;]Contact us :[\/vc_custom_heading][vc_raw_html]W2dyYXZpdHlmb3JtIGlkPSI2IiB0aXRsZT0idHJ1ZSJd[\/vc_raw_html][\/vc_column][\/vc_row]<\/p>\n<\/section>","protected":false},"excerpt":{"rendered":"<p>[vc_row row_height_percent=&#8221;0&#8243; override_padding=&#8221;yes&#8221; h_padding=&#8221;5&#8243; top_padding=&#8221;2&#8243; bottom_padding=&#8221;2&#8243; overlay_alpha=&#8221;50&#8243; gutter_size=&#8221;3&#8243; column_width_percent=&#8221;100&#8243; shift_y=&#8221;0&#8243; z_index=&#8221;0&#8243; uncode_shortcode_id=&#8221;530400&#8243;][vc_column column_width_percent=&#8221;100&#8243; gutter_size=&#8221;2&#8243; overlay_alpha=&#8221;50&#8243; shift_x=&#8221;0&#8243; shift_y=&#8221;0&#8243; shift_y_down=&#8221;0&#8243; z_index=&#8221;0&#8243; medium_width=&#8221;0&#8243; [&hellip;]<\/p>\n","protected":false},"featured_media":1697,"comment_status":"open","ping_status":"closed","template":"","meta":{"content-type":""},"product_brand":[],"product_cat":[88],"product_tag":[],"class_list":{"0":"post-2108","1":"product","2":"type-product","3":"status-publish","4":"has-post-thumbnail","6":"product_cat-off-plan-project","8":"first","9":"instock","10":"shipping-taxable","11":"purchasable","12":"product-type-variable"},"_links":{"self":[{"href":"https:\/\/clemenceaurealestate.com\/en\/wp-json\/wp\/v2\/product\/2108","targetHints":{"allow":["GET"]}}],"collection":[{"href":"https:\/\/clemenceaurealestate.com\/en\/wp-json\/wp\/v2\/product"}],"about":[{"href":"https:\/\/clemenceaurealestate.com\/en\/wp-json\/wp\/v2\/types\/product"}],"replies":[{"embeddable":true,"href":"https:\/\/clemenceaurealestate.com\/en\/wp-json\/wp\/v2\/comments?post=2108"}],"wp:featuredmedia":[{"embeddable":true,"href":"https:\/\/clemenceaurealestate.com\/en\/wp-json\/wp\/v2\/media\/1697"}],"wp:attachment":[{"href":"https:\/\/clemenceaurealestate.com\/en\/wp-json\/wp\/v2\/media?parent=2108"}],"wp:term":[{"taxonomy":"product_brand","embeddable":true,"href":"https:\/\/clemenceaurealestate.com\/en\/wp-json\/wp\/v2\/product_brand?post=2108"},{"taxonomy":"product_cat","embeddable":true,"href":"https:\/\/clemenceaurealestate.com\/en\/wp-json\/wp\/v2\/product_cat?post=2108"},{"taxonomy":"product_tag","embeddable":true,"href":"https:\/\/clemenceaurealestate.com\/en\/wp-json\/wp\/v2\/product_tag?post=2108"}],"curies":[{"name":"wp","href":"https:\/\/api.w.org\/{rel}","templated":true}]}}