{"id":13542,"date":"2026-01-29T11:45:10","date_gmt":"2026-01-29T10:45:10","guid":{"rendered":"https:\/\/clemenceaurealestate.com\/?post_type=product&#038;p=13542"},"modified":"2026-01-29T12:10:41","modified_gmt":"2026-01-29T11:10:41","slug":"rosewell-copie-copie","status":"publish","type":"product","link":"https:\/\/clemenceaurealestate.com\/en\/off-plan-project\/rosewell-copie-copie\/","title":{"rendered":"Rosewell (Copie) (Copie)"},"content":{"rendered":"<section class=\"wpb-content-wrapper\"><p>[vc_row row_height_percent=&#8221;0&#8243; override_padding=&#8221;yes&#8221; h_padding=&#8221;5&#8243; top_padding=&#8221;2&#8243; bottom_padding=&#8221;2&#8243; overlay_alpha=&#8221;50&#8243; gutter_size=&#8221;3&#8243; column_width_percent=&#8221;100&#8243; shift_y=&#8221;0&#8243; z_index=&#8221;0&#8243; uncode_shortcode_id=&#8221;530400&#8243;][vc_column column_width_percent=&#8221;100&#8243; gutter_size=&#8221;2&#8243; overlay_alpha=&#8221;50&#8243; shift_x=&#8221;0&#8243; shift_y=&#8221;0&#8243; shift_y_down=&#8221;0&#8243; z_index=&#8221;0&#8243; medium_width=&#8221;0&#8243; mobile_width=&#8221;0&#8243; width=&#8221;1\/1&#8243; uncode_shortcode_id=&#8221;167643&#8243;][vc_custom_heading auto_text=&#8221;yes&#8221; text_weight=&#8221;600&#8243; uncode_shortcode_id=&#8221;152729&#8243;][\/vc_custom_heading][vc_row_inner row_inner_height_percent=&#8221;0&#8243; overlay_alpha=&#8221;50&#8243; gutter_size=&#8221;1&#8243; shift_y=&#8221;0&#8243; z_index=&#8221;0&#8243; limit_content=&#8221;&#8221; uncode_shortcode_id=&#8221;209702&#8243;][vc_column_inner column_width_percent=&#8221;100&#8243; gutter_size=&#8221;3&#8243; overlay_alpha=&#8221;50&#8243; shift_x=&#8221;0&#8243; shift_y=&#8221;0&#8243; shift_y_down=&#8221;0&#8243; z_index=&#8221;0&#8243; medium_width=&#8221;5&#8243; mobile_width=&#8221;0&#8243; width=&#8221;5\/6&#8243; uncode_shortcode_id=&#8221;142082&#8243;][uncode_single_product_additional_info text_lead=&#8221;small&#8221; el_id=&#8221;information-produit&#8221; el_class=&#8221;information-produit&#8221;][\/vc_column_inner][vc_column_inner column_width_percent=&#8221;100&#8243; align_horizontal=&#8221;align_right&#8221; gutter_size=&#8221;3&#8243; overlay_alpha=&#8221;50&#8243; shift_x=&#8221;0&#8243; shift_y=&#8221;0&#8243; shift_y_down=&#8221;0&#8243; z_index=&#8221;0&#8243; medium_visibility=&#8221;yes&#8221; align_medium=&#8221;align_left_tablet&#8221; medium_width=&#8221;3&#8243; mobile_visibility=&#8221;yes&#8221; align_mobile=&#8221;align_left_mobile&#8221; mobile_width=&#8221;0&#8243; width=&#8221;1\/6&#8243; uncode_shortcode_id=&#8221;113781&#8243;][uncode_share layout=&#8221;multiple&#8221;][\/vc_column_inner][\/vc_row_inner][\/vc_column][\/vc_row][vc_row row_height_percent=&#8221;0&#8243; override_padding=&#8221;yes&#8221; h_padding=&#8221;5&#8243; top_padding=&#8221;0&#8243; bottom_padding=&#8221;2&#8243; overlay_alpha=&#8221;50&#8243; gutter_size=&#8221;4&#8243; column_width_percent=&#8221;100&#8243; shift_y=&#8221;0&#8243; z_index=&#8221;0&#8243; uncode_shortcode_id=&#8221;770257&#8243;][vc_column column_width_percent=&#8221;100&#8243; gutter_size=&#8221;3&#8243; overlay_alpha=&#8221;50&#8243; shift_x=&#8221;0&#8243; shift_y=&#8221;0&#8243; shift_y_down=&#8221;0&#8243; z_index=&#8221;0&#8243; medium_width=&#8221;0&#8243; mobile_width=&#8221;0&#8243; css_animation=&#8221;left-t-right&#8221; animation_speed=&#8221;1000&#8243; width=&#8221;1\/2&#8243; uncode_shortcode_id=&#8221;112938&#8243;][vc_custom_heading heading_semantic=&#8221;h3&#8243; text_size=&#8221;h4&#8243; text_weight=&#8221;600&#8243; text_transform=&#8221;lowercase&#8221; uncode_shortcode_id=&#8221;180510&#8243;]Description de: The Meriva Collection[\/vc_custom_heading][vc_column_text uncode_shortcode_id=&#8221;985701&#8243; el_id=&#8221;text-justify&#8221; el_class=&#8221;text-justify&#8221;]<\/p>\n<p data-start=\"0\" data-end=\"384\">La Meriva Collection d\u2019Ellington Properties est un projet r\u00e9sidentiel exclusif en bord de mer, situ\u00e9 sur une \u00eele \u00e0 faible densit\u00e9 et offrant un style de vie c\u00f4tier raffin\u00e9 avec vue d\u00e9gag\u00e9e sur la mer. Le projet comprend plusieurs b\u00e2timents \u00e0 l\u2019architecture distincte, alliant design contemporain et intimit\u00e9, avec un acc\u00e8s direct \u00e0 la plage et un am\u00e9nagement soign\u00e9 du front de mer.<\/p>\n<p data-start=\"386\" data-end=\"869\">Con\u00e7u comme une destination ax\u00e9e sur le style de vie, la Meriva Collection combine des logements r\u00e9sidentiels \u00e0 des services h\u00f4teliers, incluant un h\u00f4tel sur place g\u00e9r\u00e9 par un op\u00e9rateur de renom. Le d\u00e9veloppement met l\u2019accent sur des appartements spacieux, des standards de vie haut de gamme et une atmosph\u00e8re proche d\u2019un resort, s\u00e9duisant les propri\u00e9taires en qu\u00eate d\u2019intimit\u00e9, d\u2019\u00e9l\u00e9gance et d\u2019une forte connexion avec la mer au sein d\u2019une communaut\u00e9 insulaire soigneusement pens\u00e9e.<\/p>\n<p>[\/vc_column_text][vc_button button_color=&#8221;color-210407&#8243; radius=&#8221;btn-square&#8221; border_animation=&#8221;btn-ripple-in&#8221; hover_fx=&#8221;outlined&#8221; text_skin=&#8221;yes&#8221; border_width=&#8221;0&#8243; scale_mobile=&#8221;no&#8221; button_color_type=&#8221;uncode-palette&#8221; uncode_shortcode_id=&#8221;183440&#8243; link=&#8221;url:%23product-contact|&#8221;]NOUS CONTACTER[\/vc_button][\/vc_column][vc_column column_width_percent=&#8221;100&#8243; gutter_size=&#8221;3&#8243; overlay_alpha=&#8221;50&#8243; shift_x=&#8221;0&#8243; shift_y=&#8221;0&#8243; shift_y_down=&#8221;0&#8243; z_index=&#8221;0&#8243; medium_width=&#8221;0&#8243; mobile_width=&#8221;0&#8243; css_animation=&#8221;zoom-in&#8221; animation_speed=&#8221;1000&#8243; animation_delay=&#8221;300&#8243; width=&#8221;1\/2&#8243; uncode_shortcode_id=&#8221;746136&#8243;][vc_single_image media=&#8221;13552&#8243; media_lightbox=&#8221;yes&#8221; media_width_percent=&#8221;100&#8243; media_ratio=&#8221;sixteen-nine&#8221; uncode_shortcode_id=&#8221;141280&#8243;][\/vc_column][\/vc_row][vc_row row_height_percent=&#8221;0&#8243; override_padding=&#8221;yes&#8221; h_padding=&#8221;5&#8243; top_padding=&#8221;2&#8243; bottom_padding=&#8221;2&#8243; overlay_alpha=&#8221;50&#8243; gutter_size=&#8221;3&#8243; column_width_percent=&#8221;100&#8243; shift_y=&#8221;0&#8243; z_index=&#8221;0&#8243; uncode_shortcode_id=&#8221;630652&#8243;][vc_column column_width_percent=&#8221;100&#8243; gutter_size=&#8221;3&#8243; back_color=&#8221;color-lxmt&#8221; overlay_alpha=&#8221;50&#8243; shift_x=&#8221;0&#8243; shift_y=&#8221;0&#8243; shift_y_down=&#8221;0&#8243; z_index=&#8221;0&#8243; medium_width=&#8221;0&#8243; mobile_width=&#8221;0&#8243; width=&#8221;1\/1&#8243; uncode_shortcode_id=&#8221;152941&#8243; back_color_type=&#8221;uncode-palette&#8221;][vc_row_inner limit_content=&#8221;&#8221;][vc_column_inner width=&#8221;1\/2&#8243;][vc_column_text uncode_shortcode_id=&#8221;208735&#8243;]<\/p>\n<div class=\"flex-shrink-0 flex flex-col relative items-end\">\n<div class=\"pt-0.5\">\n<div class=\"gizmo-shadow-stroke flex h-6 w-6 items-center justify-center overflow-hidden rounded-full\">\n<div class=\"w-full text-token-text-primary\" data-testid=\"conversation-turn-5\">\n<div class=\"px-4 py-2 justify-center text-base md:gap-6 m-auto\">\n<div class=\"flex flex-1 text-base mx-auto gap-3 md:px-5 lg:px-1 xl:px-5 md:max-w-3xl lg:max-w-[40rem] xl:max-w-[48rem] group final-completion\">\n<div class=\"relative flex w-full flex-col lg:w-[calc(100%-115px)] agent-turn\">\n<div class=\"flex-col gap-1 md:gap-3\">\n<div class=\"flex flex-grow flex-col max-w-full\">\n<div class=\"min-h-[20px] text-message flex flex-col items-start gap-3 whitespace-pre-wrap break-words [.text-message+&amp;]:mt-5 overflow-x-auto\" data-message-author-role=\"assistant\" data-message-id=\"d4864b1b-357c-43a5-91f5-36c2a5e22cfc\">\n<div class=\"markdown prose w-full break-words dark:prose-invert dark\">\n<h5><b>Finition et mat\u00e9riaux<\/b><\/h5>\n<div class=\"flex-shrink-0 flex flex-col relative items-end\">\n<div class=\"pt-0\">\n<div class=\"gizmo-bot-avatar flex h-8 w-8 items-center justify-center overflow-hidden rounded-full\">\n<div class=\"relative p-1 rounded-sm flex items-center justify-center bg-token-main-surface-primary text-token-text-primary h-8 w-8\">Finitions modernes avec des mat\u00e9riaux de haute qualit\u00e9.<\/div>\n<\/div>\n<\/div>\n<\/div>\n<h5><b>Cuisine et \u00e9lectrom\u00e9nager<\/b><\/h5>\n<div class=\"flex-shrink-0 flex flex-col relative items-end\">\n<div class=\"pt-0\">\n<div class=\"gizmo-bot-avatar flex h-8 w-8 items-center justify-center overflow-hidden rounded-full\">\n<div class=\"relative p-1 rounded-sm flex items-center justify-center bg-token-main-surface-primary text-token-text-primary h-8 w-8\">\n<p>Non.<\/p>\n<\/div>\n<\/div>\n<\/div>\n<\/div>\n<h5><b>Ameublement<\/b><\/h5>\n<p>Non.<\/p>\n<h5><strong>Commodit\u00e9s<\/strong><\/h5>\n<p>Piscine | Salle de sport | Aire de jeux pour enfants<\/p>\n<\/div>\n<\/div>\n<\/div>\n<\/div>\n<\/div>\n<\/div>\n<\/div>\n<\/div>\n<\/div>\n<\/div>\n<\/div>\n<p>[\/vc_column_text][\/vc_column_inner][\/vc_row_inner][\/vc_column][\/vc_row][vc_row row_height_percent=&#8221;60&#8243; override_padding=&#8221;yes&#8221; h_padding=&#8221;5&#8243; top_padding=&#8221;2&#8243; bottom_padding=&#8221;2&#8243; overlay_alpha=&#8221;50&#8243; gutter_size=&#8221;3&#8243; column_width_percent=&#8221;100&#8243; shift_y=&#8221;0&#8243; z_index=&#8221;0&#8243; uncode_shortcode_id=&#8221;525418&#8243;][vc_column column_width_percent=&#8221;100&#8243; gutter_size=&#8221;3&#8243; overlay_alpha=&#8221;50&#8243; shift_x=&#8221;0&#8243; shift_y=&#8221;0&#8243; shift_y_down=&#8221;0&#8243; z_index=&#8221;0&#8243; medium_width=&#8221;0&#8243; mobile_width=&#8221;0&#8243; width=&#8221;1\/1&#8243; uncode_shortcode_id=&#8221;136621&#8243;][vc_gallery el_id=&#8221;gallery-857561-801-398-556-886&#8243; type=&#8221;carousel&#8221; medias=&#8221;13558,13560,13562,13556&#8243; carousel_lg=&#8221;3&#8243; carousel_md=&#8221;3&#8243; carousel_sm=&#8221;1&#8243; thumb_size=&#8221;five-four&#8221; gutter_size=&#8221;1&#8243; carousel_interval=&#8221;0&#8243; carousel_navspeed=&#8221;1000&#8243; carousel_overflow=&#8221;yes&#8221; stage_padding=&#8221;0&#8243; single_overlay_opacity=&#8221;50&#8243; single_overlay_anim=&#8221;no&#8221; single_text_visible=&#8221;yes&#8221; single_text_anim=&#8221;no&#8221; single_h_align=&#8221;right&#8221; single_v_position=&#8221;top&#8221; single_padding=&#8221;2&#8243; single_icon=&#8221;fa fa-frame-expand&#8221; single_border=&#8221;yes&#8221; single_css_animation=&#8221;zoom-in&#8221; single_animation_speed=&#8221;1000&#8243; single_animation_first=&#8221;yes&#8221; lbox_skin=&#8221;white&#8221; lbox_transparency=&#8221;opaque&#8221; lbox_gallery_arrows_bg=&#8221;semi-transparent&#8221; lbox_counter=&#8221;yes&#8221; lbox_transition=&#8221;lg-slide-vertical&#8221; lb_video_advanced=&#8221;yes&#8221; lb_autoplay=&#8221;yes&#8221; lb_muted=&#8221;no&#8221; uncode_shortcode_id=&#8221;200367&#8243;][vc_custom_heading heading_semantic=&#8221;h3&#8243; text_size=&#8221;h4&#8243; text_weight=&#8221;600&#8243; text_transform=&#8221;lowercase&#8221; uncode_shortcode_id=&#8221;192880&#8243;]Le projet en image[\/vc_custom_heading][\/vc_column][\/vc_row][vc_row row_height_percent=&#8221;0&#8243; override_padding=&#8221;yes&#8221; h_padding=&#8221;5&#8243; top_padding=&#8221;2&#8243; bottom_padding=&#8221;2&#8243; overlay_alpha=&#8221;50&#8243; equal_height=&#8221;yes&#8221; gutter_size=&#8221;4&#8243; column_width_percent=&#8221;100&#8243; shift_y=&#8221;0&#8243; z_index=&#8221;0&#8243; uncode_shortcode_id=&#8221;144357&#8243;][vc_column column_width_percent=&#8221;100&#8243; gutter_size=&#8221;3&#8243; back_color=&#8221;color-lxmt&#8221; overlay_alpha=&#8221;50&#8243; shift_x=&#8221;0&#8243; shift_y=&#8221;0&#8243; shift_y_down=&#8221;0&#8243; z_index=&#8221;0&#8243; medium_width=&#8221;0&#8243; mobile_width=&#8221;0&#8243; css_animation=&#8221;zoom-in&#8221; animation_speed=&#8221;1000&#8243; width=&#8221;1\/2&#8243; uncode_shortcode_id=&#8221;332150&#8243; back_color_type=&#8221;uncode-palette&#8221;][vc_custom_heading heading_semantic=&#8221;h3&#8243; text_size=&#8221;h4&#8243; text_weight=&#8221;600&#8243; text_transform=&#8221;lowercase&#8221; uncode_shortcode_id=&#8221;115986&#8243;]La localisation :[\/vc_custom_heading][vc_column_text uncode_shortcode_id=&#8221;138828&#8243; el_id=&#8221;text-justify&#8221; el_class=&#8221;text-justify&#8221;]<\/p>\n<article class=\"text-token-text-primary w-full focus:outline-none [--shadow-height:45px] has-data-writing-block:pointer-events-none has-data-writing-block:-mt-(--shadow-height) has-data-writing-block:pt-(--shadow-height) [&amp;:has([data-writing-block])&gt;*]:pointer-events-auto scroll-mt-(--header-height)\" dir=\"auto\" tabindex=\"-1\" data-turn-id=\"6acd81b3-035e-406f-8c66-3710b0378091\" data-testid=\"conversation-turn-11\" data-scroll-anchor=\"false\" data-turn=\"user\">\n<div class=\"text-base my-auto mx-auto pt-12 [--thread-content-margin:--spacing(4)] @w-sm\/main:[--thread-content-margin:--spacing(6)] @w-lg\/main:[--thread-content-margin:--spacing(16)] px-(--thread-content-margin)\">\n<div class=\"[--thread-content-max-width:40rem] @w-lg\/main:[--thread-content-max-width:48rem] mx-auto max-w-(--thread-content-max-width) flex-1 group\/turn-messages focus-visible:outline-hidden relative flex w-full min-w-0 flex-col\" tabindex=\"-1\">\n<div class=\"flex max-w-full flex-col grow\">\n<div class=\"min-h-8 text-message relative flex w-full flex-col items-end gap-2 text-start break-words whitespace-normal [.text-message+&amp;]:mt-1\" dir=\"auto\" data-message-author-role=\"user\" data-message-id=\"6acd81b3-035e-406f-8c66-3710b0378091\">\n<div class=\"flex w-full flex-col gap-1 empty:hidden items-end rtl:items-start\">\n<div class=\"user-message-bubble-color corner-superellipse\/1.1 relative rounded-[18px] px-4 py-1.5 data-[multiline]:py-3 max-w-[var(--user-chat-width,70%)]\" data-multiline=\"\">\n<div class=\"whitespace-pre-wrap\">\n<p data-start=\"0\" data-end=\"421\">Dubai Islands est un projet visionnaire qui incarne l\u2019esprit luxueux et innovant de Duba\u00ef. Id\u00e9alement situ\u00e9 le long de la c\u00f4te, ce d\u00e9veloppement ambitieux comprend cinq \u00eeles artificielles, offrant un m\u00e9lange d\u2019espaces r\u00e9sidentiels, commerciaux et de loisirs. Chaque \u00eele est soigneusement planifi\u00e9e pour proposer une exp\u00e9rience de vie unique, entour\u00e9e de plages immacul\u00e9es, de paysages verdoyants et d\u2019eaux cristallines.<\/p>\n<p data-start=\"423\" data-end=\"985\">Les \u00eeles sont reli\u00e9es au continent par une infrastructure d\u00e9velopp\u00e9e, assurant un acc\u00e8s facile au reste de la ville. Cette localisation privil\u00e9gi\u00e9e permet aux r\u00e9sidents et visiteurs de profiter de la tranquillit\u00e9 de la vie insulaire tout en \u00e9tant \u00e0 quelques minutes en voiture des centres urbains anim\u00e9s de Duba\u00ef, notamment Downtown Dubai, Dubai Marina et Palm Jumeirah. Le projet propose des \u00e9quipements haut de gamme tels que des h\u00f4tels de luxe, des restaurants gastronomiques, des boutiques prestigieuses et des installations r\u00e9cr\u00e9atives de classe mondiale.<\/p>\n<p data-start=\"987\" data-end=\"1625\">Dubai Islands est con\u00e7u pour r\u00e9pondre \u00e0 une grande diversit\u00e9 de modes de vie, allant de communaut\u00e9s r\u00e9sidentielles paisibles \u00e0 des p\u00f4les de divertissement dynamiques. Le d\u00e9veloppement met l\u2019accent sur la durabilit\u00e9 et l\u2019innovation, int\u00e9grant des pratiques de construction \u00e9cologiques et des technologies avanc\u00e9es afin de cr\u00e9er un environnement harmonieux et respectueux de l\u2019environnement. Avec sa beaut\u00e9 naturelle, ses \u00e9quipements exceptionnels et son emplacement strat\u00e9gique, Dubai Islands se positionne comme une destination de choix pour ceux en qu\u00eate d\u2019un style de vie incomparable dans l\u2019une des villes les plus dynamiques du monde.<\/p>\n<\/div>\n<\/div>\n<\/div>\n<\/div>\n<\/div>\n<\/div>\n<\/div>\n<\/article>\n<p>[\/vc_column_text][\/vc_column][vc_column column_width_use_pixel=&#8221;yes&#8221; position_vertical=&#8221;middle&#8221; align_horizontal=&#8221;align_center&#8221; gutter_size=&#8221;3&#8243; back_color=&#8221;color-xsdn&#8221; overlay_alpha=&#8221;50&#8243; preserve_border=&#8221;yes&#8221; preserve_border_tablet=&#8221;yes&#8221; preserve_border_mobile=&#8221;yes&#8221; border_color=&#8221;accent&#8221; border_style=&#8221;solid&#8221; shift_x=&#8221;0&#8243; shift_y=&#8221;0&#8243; shift_y_down=&#8221;0&#8243; z_index=&#8221;0&#8243; medium_width=&#8221;0&#8243; mobile_width=&#8221;0&#8243; css_animation=&#8221;zoom-in&#8221; animation_speed=&#8221;1000&#8243; animation_delay=&#8221;500&#8243; width=&#8221;1\/2&#8243; uncode_shortcode_id=&#8221;691231&#8243; back_color_type=&#8221;uncode-palette&#8221; css=&#8221;.vc_custom_1695418550464{border-top-width: 2px !important;border-right-width: 2px !important;border-bottom-width: 2px !important;border-left-width: 2px !important;}&#8221; border_color_type=&#8221;uncode-palette&#8221; column_width_pixel=&#8221;550&#8243;][vc_custom_heading heading_semantic=&#8221;p&#8221; text_font=&#8221;font-209388&#8243; text_size=&#8221;h4&#8243; text_weight=&#8221;600&#8243; text_transform=&#8221;lowercase&#8221; uncode_shortcode_id=&#8221;129255&#8243;]Pour plus de renseignement contactez-nous[\/vc_custom_heading][vc_column_text uncode_shortcode_id=&#8221;198418&#8243;]Un agent Clemenceau Real Estate r\u00e9pondra \u00e0 toutes vos questions concernant votre investissement immobilier \u00e0 Dubai.[\/vc_column_text][vc_button button_color=&#8221;color-210407&#8243; radius=&#8221;btn-square&#8221; border_animation=&#8221;btn-ripple-in&#8221; hover_fx=&#8221;outlined&#8221; text_skin=&#8221;yes&#8221; border_width=&#8221;0&#8243; scale_mobile=&#8221;no&#8221; button_color_type=&#8221;uncode-palette&#8221; uncode_shortcode_id=&#8221;183440&#8243; link=&#8221;url:%23product-contact|&#8221;]NOUS CONTACTER[\/vc_button][\/vc_column][\/vc_row][vc_row unlock_row_content=&#8221;yes&#8221; row_height_percent=&#8221;0&#8243; override_padding=&#8221;yes&#8221; h_padding=&#8221;5&#8243; top_padding=&#8221;2&#8243; bottom_padding=&#8221;4&#8243; overlay_alpha=&#8221;100&#8243; equal_height=&#8221;yes&#8221; gutter_size=&#8221;4&#8243; column_width_percent=&#8221;100&#8243; shift_y=&#8221;0&#8243; z_index=&#8221;0&#8243; uncode_shortcode_id=&#8221;320952&#8243;][vc_column column_width_percent=&#8221;100&#8243; position_horizontal=&#8221;left&#8221; position_vertical=&#8221;middle&#8221; align_horizontal=&#8221;align_center&#8221; gutter_size=&#8221;3&#8243; back_color=&#8221;color-xsdn&#8221; overlay_alpha=&#8221;100&#8243; preserve_border=&#8221;yes&#8221; preserve_border_tablet=&#8221;yes&#8221; preserve_border_mobile=&#8221;yes&#8221; border_color=&#8221;accent&#8221; border_style=&#8221;solid&#8221; shift_x=&#8221;0&#8243; shift_y=&#8221;0&#8243; shift_y_down=&#8221;0&#8243; z_index=&#8221;0&#8243; medium_width=&#8221;0&#8243; mobile_width=&#8221;0&#8243; css_animation=&#8221;zoom-in&#8221; animation_speed=&#8221;1000&#8243; animation_delay=&#8221;200&#8243; zoom_width=&#8221;0&#8243; zoom_height=&#8221;0&#8243; width=&#8221;1\/3&#8243; uncode_shortcode_id=&#8221;288194&#8243; back_color_type=&#8221;uncode-palette&#8221; border_color_type=&#8221;uncode-palette&#8221; css=&#8221;.vc_custom_1695931741480{border-top-width: 2px !important;border-right-width: 2px !important;border-bottom-width: 2px !important;border-left-width: 2px !important;}&#8221; el_id=&#8221;price-project&#8221; el_class=&#8221;price-project&#8221;][vc_custom_heading text_color=&#8221;color-168873&#8243; heading_semantic=&#8221;h3&#8243; text_size=&#8221;h4&#8243; text_weight=&#8221;600&#8243; text_transform=&#8221;lowercase&#8221; uncode_shortcode_id=&#8221;110712&#8243; text_color_type=&#8221;uncode-palette&#8221;]Prix de The Meriva Collection:[\/vc_custom_heading][vc_button dynamic=&#8221;add-to-cart&#8221; quantity=&#8221;variation&#8221; border_width=&#8221;0&#8243; uncode_shortcode_id=&#8221;214224&#8243;]Text on the button[\/vc_button][vc_raw_html]JTVCY3VycmVuY3lfc3dpdGNoZXIlMjBmb3JtYXQlM0QlMjIlMjVjb2RlJTI1JTIyJTVE[\/vc_raw_html][\/vc_column][vc_column column_width_percent=&#8221;100&#8243; gutter_size=&#8221;3&#8243; override_padding=&#8221;yes&#8221; column_padding=&#8221;5&#8243; style=&#8221;dark&#8221; back_color=&#8221;color-168873&#8243; overlay_alpha=&#8221;50&#8243; shift_x=&#8221;0&#8243; shift_y=&#8221;0&#8243; shift_y_down=&#8221;0&#8243; z_index=&#8221;0&#8243; medium_width=&#8221;0&#8243; mobile_width=&#8221;0&#8243; css_animation=&#8221;zoom-in&#8221; animation_speed=&#8221;1000&#8243; animation_delay=&#8221;500&#8243; zoom_width=&#8221;0&#8243; zoom_height=&#8221;0&#8243; width=&#8221;2\/3&#8243; uncode_shortcode_id=&#8221;211907&#8243; back_color_type=&#8221;uncode-palette&#8221;][vc_custom_heading text_color=&#8221;accent&#8221; heading_semantic=&#8221;h3&#8243; text_size=&#8221;h4&#8243; text_weight=&#8221;600&#8243; text_transform=&#8221;lowercase&#8221; uncode_shortcode_id=&#8221;108993&#8243; text_color_type=&#8221;uncode-palette&#8221;]Plan de paiement :[\/vc_custom_heading][vc_progress_bar values=&#8221;%5B%7B%22label%22%3A%22Construction%22%2C%22value%22%3A%2270%22%2C%22bar_color_type%22%3A%22uncode-palette%22%2C%22bar_color_solid%22%3A%22%23ff0000%22%2C%22back_color_type%22%3A%22uncode-palette%22%2C%22back_color_solid%22%3A%22%23ff0000%22%7D%2C%7B%22label%22%3A%22Remise%20des%20cl%5Cu00e9s%22%2C%22value%22%3A%2230%22%2C%22bar_color_type%22%3A%22uncode-palette%22%2C%22bar_color_solid%22%3A%22%23ff0000%22%2C%22back_color_type%22%3A%22uncode-palette%22%2C%22back_color_solid%22%3A%22%23ff0000%22%7D%5D&#8221; empty_space=&#8221;yes&#8221; bar_color=&#8221;accent&#8221; units=&#8221;%&#8221;][\/vc_column][\/vc_row][vc_row row_height_percent=&#8221;0&#8243; override_padding=&#8221;yes&#8221; h_padding=&#8221;6&#8243; top_padding=&#8221;4&#8243; bottom_padding=&#8221;4&#8243; overlay_alpha=&#8221;50&#8243; gutter_size=&#8221;3&#8243; column_width_percent=&#8221;100&#8243; shift_y=&#8221;0&#8243; z_index=&#8221;0&#8243; desktop_visibility=&#8221;yes&#8221; row_custom_slug_check=&#8221;yes&#8221; uncode_shortcode_id=&#8221;150438&#8243; row_name=&#8221;product-contact2&#8243; el_id=&#8221;product-contact2&#8243; el_class=&#8221;product-contact2&#8243; row_custom_slug=&#8221;product-contact2&#8243;][vc_column column_width_percent=&#8221;100&#8243; gutter_size=&#8221;3&#8243; overlay_alpha=&#8221;50&#8243; shift_x=&#8221;0&#8243; shift_y=&#8221;0&#8243; shift_y_down=&#8221;0&#8243; z_index=&#8221;10&#8243; medium_width=&#8221;0&#8243; mobile_width=&#8221;0&#8243; width=&#8221;1\/1&#8243; uncode_shortcode_id=&#8221;737833&#8243; el_id=&#8221;header-forms&#8221; el_class=&#8221;header-forms&#8221;][vc_custom_heading text_color=&#8221;color-168873&#8243; heading_semantic=&#8221;h3&#8243; text_size=&#8221;h4&#8243; text_weight=&#8221;600&#8243; text_transform=&#8221;lowercase&#8221; uncode_shortcode_id=&#8221;100268&#8243; text_color_type=&#8221;uncode-palette&#8221;]Nous contacter :[\/vc_custom_heading][vc_raw_html]JTVCZ3Jhdml0eWZvcm0lMjBpZCUzRCUyMjYlMjIlMjB0aXRsZSUzRCUyMnRydWUlMjIlNUQ=[\/vc_raw_html][\/vc_column][\/vc_row]<\/p>\n<\/section>","protected":false},"excerpt":{"rendered":"<p>[vc_row row_height_percent=&#8221;0&#8243; override_padding=&#8221;yes&#8221; h_padding=&#8221;5&#8243; top_padding=&#8221;2&#8243; bottom_padding=&#8221;2&#8243; overlay_alpha=&#8221;50&#8243; gutter_size=&#8221;3&#8243; column_width_percent=&#8221;100&#8243; shift_y=&#8221;0&#8243; z_index=&#8221;0&#8243; uncode_shortcode_id=&#8221;530400&#8243;][vc_column column_width_percent=&#8221;100&#8243; gutter_size=&#8221;2&#8243; overlay_alpha=&#8221;50&#8243; shift_x=&#8221;0&#8243; shift_y=&#8221;0&#8243; shift_y_down=&#8221;0&#8243; z_index=&#8221;0&#8243; medium_width=&#8221;0&#8243; [&hellip;]<\/p>\n","protected":false},"featured_media":13550,"comment_status":"open","ping_status":"closed","template":"","meta":{"content-type":""},"product_brand":[],"product_cat":[88],"product_tag":[],"class_list":{"0":"post-13542","1":"product","2":"type-product","3":"status-publish","4":"has-post-thumbnail","6":"product_cat-off-plan-project","8":"first","9":"instock","10":"shipping-taxable","11":"purchasable","12":"product-type-variable"},"_links":{"self":[{"href":"https:\/\/clemenceaurealestate.com\/en\/wp-json\/wp\/v2\/product\/13542","targetHints":{"allow":["GET"]}}],"collection":[{"href":"https:\/\/clemenceaurealestate.com\/en\/wp-json\/wp\/v2\/product"}],"about":[{"href":"https:\/\/clemenceaurealestate.com\/en\/wp-json\/wp\/v2\/types\/product"}],"replies":[{"embeddable":true,"href":"https:\/\/clemenceaurealestate.com\/en\/wp-json\/wp\/v2\/comments?post=13542"}],"wp:featuredmedia":[{"embeddable":true,"href":"https:\/\/clemenceaurealestate.com\/en\/wp-json\/wp\/v2\/media\/13550"}],"wp:attachment":[{"href":"https:\/\/clemenceaurealestate.com\/en\/wp-json\/wp\/v2\/media?parent=13542"}],"wp:term":[{"taxonomy":"product_brand","embeddable":true,"href":"https:\/\/clemenceaurealestate.com\/en\/wp-json\/wp\/v2\/product_brand?post=13542"},{"taxonomy":"product_cat","embeddable":true,"href":"https:\/\/clemenceaurealestate.com\/en\/wp-json\/wp\/v2\/product_cat?post=13542"},{"taxonomy":"product_tag","embeddable":true,"href":"https:\/\/clemenceaurealestate.com\/en\/wp-json\/wp\/v2\/product_tag?post=13542"}],"curies":[{"name":"wp","href":"https:\/\/api.w.org\/{rel}","templated":true}]}}